{"id":55,"date":"2023-07-04T23:06:07","date_gmt":"2023-07-04T21:06:07","guid":{"rendered":"https:\/\/ltds.berthonneau.com\/?page_id=55"},"modified":"2023-07-04T23:06:07","modified_gmt":"2023-07-04T21:06:07","slug":"adopter","status":"publish","type":"page","link":"https:\/\/ltds.berthonneau.com\/index.php\/adopter\/","title":{"rendered":"Adopter"},"content":{"rendered":"\n<div class=\"wp-block-columns alignwide is-layout-flex wp-container-core-columns-is-layout-9d6595d7 wp-block-columns-is-layout-flex\">\n<div class=\"wp-block-column is-layout-flow wp-block-column-is-layout-flow\">\n<figure class=\"wp-block-image size-full\"><img loading=\"lazy\" decoding=\"async\" width=\"757\" height=\"568\" src=\"http:\/\/ltds.berthonneau.com\/wp-content\/uploads\/2023\/07\/telecharger_edited.jpg\" alt=\"\" class=\"wp-image-45\" srcset=\"https:\/\/ltds.berthonneau.com\/wp-content\/uploads\/2023\/07\/telecharger_edited.jpg 757w, https:\/\/ltds.berthonneau.com\/wp-content\/uploads\/2023\/07\/telecharger_edited-300x225.jpg 300w\" sizes=\"auto, (max-width: 757px) 100vw, 757px\" \/><\/figure>\n<\/div>\n\n\n\n<div class=\"wp-block-column is-layout-flow wp-block-column-is-layout-flow\">\n<h2 class=\"wp-block-heading\">Comment adopter une Truffe ?<\/h2>\n\n\n\n<p>Adopter n\u2019est pas un geste anodin et vous avez certainement longuement r\u00e9fl\u00e9chi avant de vous lancer.<br>Si vous \u00eates maintenant d\u00e9cid\u00e9 \u00e0 accueillir une de nos truffes dans votre foyer c\u2019est jusqu\u2019\u00e0 la fin de sa vie, soit de nombreuses ann\u00e9es. C\u2019est un acte de g\u00e9n\u00e9rosit\u00e9 pour lequel nous vous remercions, mais aussi un investissement au quotidien et des responsabilit\u00e9s.<\/p>\n\n\n\n<p>Ce questionnaire a pour objectif d\u2019en savoir davantage sur vous et vos conditions d\u2019accueil afin de savoir quel animal peut vous correspondre. Nous vous demandons d\u2019y r\u00e9pondre avec la plus grande sinc\u00e9rit\u00e9, pour que, vous et votre Truffe, ne vous retrouviez pas en mauvaise situation et viviez une formidable relation.<\/p>\n\n\n\n<div class=\"wp-block-file\"><a href=\"http:\/\/ltds.berthonneau.com\/wp-content\/uploads\/2023\/07\/QPA-Les-truffes-du-soleil.pdf\" class=\"wp-block-file__button wp-element-button\" download>T\u00e9l\u00e9charger le formulaire d&#8217;adoption<\/a><\/div>\n<\/div>\n<\/div>\n","protected":false},"excerpt":{"rendered":"<p>Comment adopter une Truffe ? Adopter n\u2019est pas un geste anodin et vous avez certainement longuement r\u00e9fl\u00e9chi avant de vous lancer.Si vous \u00eates maintenant d\u00e9cid\u00e9 \u00e0 accueillir une de nos truffes dans votre foyer c\u2019est jusqu\u2019\u00e0 la fin de sa vie, soit de nombreuses ann\u00e9es. C\u2019est un acte de g\u00e9n\u00e9rosit\u00e9 pour lequel nous vous remercions,&hellip; <a class=\"more-link\" href=\"https:\/\/ltds.berthonneau.com\/index.php\/adopter\/\">Continue reading <span class=\"screen-reader-text\">Adopter<\/span><\/a><\/p>\n","protected":false},"author":1,"featured_media":0,"parent":0,"menu_order":0,"comment_status":"closed","ping_status":"closed","template":"","meta":{"footnotes":""},"class_list":["post-55","page","type-page","status-publish","hentry","entry"],"_links":{"self":[{"href":"https:\/\/ltds.berthonneau.com\/index.php\/wp-json\/wp\/v2\/pages\/55","targetHints":{"allow":["GET"]}}],"collection":[{"href":"https:\/\/ltds.berthonneau.com\/index.php\/wp-json\/wp\/v2\/pages"}],"about":[{"href":"https:\/\/ltds.berthonneau.com\/index.php\/wp-json\/wp\/v2\/types\/page"}],"author":[{"embeddable":true,"href":"https:\/\/ltds.berthonneau.com\/index.php\/wp-json\/wp\/v2\/users\/1"}],"replies":[{"embeddable":true,"href":"https:\/\/ltds.berthonneau.com\/index.php\/wp-json\/wp\/v2\/comments?post=55"}],"version-history":[{"count":2,"href":"https:\/\/ltds.berthonneau.com\/index.php\/wp-json\/wp\/v2\/pages\/55\/revisions"}],"predecessor-version":[{"id":58,"href":"https:\/\/ltds.berthonneau.com\/index.php\/wp-json\/wp\/v2\/pages\/55\/revisions\/58"}],"wp:attachment":[{"href":"https:\/\/ltds.berthonneau.com\/index.php\/wp-json\/wp\/v2\/media?parent=55"}],"curies":[{"name":"wp","href":"https:\/\/api.w.org\/{rel}","templated":true}]}}