{"id":7,"date":"2023-07-03T15:13:51","date_gmt":"2023-07-03T13:13:51","guid":{"rendered":"https:\/\/ltds.berthonneau.com\/?page_id=7"},"modified":"2023-07-14T12:07:51","modified_gmt":"2023-07-14T10:07:51","slug":"creez-votre-site-avec-des-blocs","status":"publish","type":"page","link":"https:\/\/ltds.berthonneau.com\/","title":{"rendered":"Accueil"},"content":{"rendered":"\n<div class=\"wp-block-columns alignwide is-layout-flex wp-container-core-columns-is-layout-9d6595d7 wp-block-columns-is-layout-flex\">\n<div class=\"wp-block-column is-layout-flow wp-block-column-is-layout-flow\">\n<figure class=\"wp-block-image size-full is-style-rounded\"><img loading=\"lazy\" decoding=\"async\" width=\"625\" height=\"619\" src=\"https:\/\/ltds.berthonneau.com\/wp-content\/uploads\/2023\/07\/307378497_498506918780260_486504900812328239_n.jpg\" alt=\"\" class=\"wp-image-29\" srcset=\"https:\/\/ltds.berthonneau.com\/wp-content\/uploads\/2023\/07\/307378497_498506918780260_486504900812328239_n.jpg 625w, https:\/\/ltds.berthonneau.com\/wp-content\/uploads\/2023\/07\/307378497_498506918780260_486504900812328239_n-300x297.jpg 300w, https:\/\/ltds.berthonneau.com\/wp-content\/uploads\/2023\/07\/307378497_498506918780260_486504900812328239_n-150x150.jpg 150w\" sizes=\"auto, (max-width: 625px) 100vw, 625px\" \/><\/figure>\n<\/div>\n\n\n\n<div class=\"wp-block-column is-layout-flow wp-block-column-is-layout-flow\">\n<h2 class=\"wp-block-heading\" style=\"font-size:55px\">sauvetages et adoptions de chiens cr\u00e9oles<\/h2>\n\n\n\n<p>Concern\u00e9s par la protection animale depuis longtemps, nous nous sommes r\u00e9unis dans un but commun, celui de d\u00e9fendre les plus d\u00e9munis de Guadeloupe, les petits bergers cr\u00e9oles !\u200b<\/p>\n\n\n\n<p>Nous voici donc Fiona, Rachel, David et Rapha\u00eblle, \u00e9quipe de l&#8217;association Les Truffes du Soleil, sauvant aujourd\u2019hui le plus de rescap\u00e9s de l\u2019enfer que possible.\u200b<\/p>\n\n\n\n<p>Comme rien ne se fait seul, nous avons la chance de compter sur le soutient de personnes extraordinaires au quotidien, familles d&#8217;accueil et b\u00e9n\u00e9voles, qui nous assistent dans notre combat.<\/p>\n<\/div>\n<\/div>\n\n\n\n<div style=\"height:100px\" aria-hidden=\"true\" class=\"wp-block-spacer\"><\/div>\n\n\n\n<h2 class=\"wp-block-heading\">L&#8217;\u00e9quipe des Truffes<\/h2>\n\n\n\n<div class=\"wp-block-columns alignfull is-layout-flex wp-container-core-columns-is-layout-9d6595d7 wp-block-columns-is-layout-flex\">\n<div class=\"wp-block-column is-layout-flow wp-block-column-is-layout-flow\" style=\"flex-basis:25%\">\n<hr class=\"wp-block-separator has-css-opacity is-style-default\"\/>\n\n\n<div class=\"wp-block-image is-style-rounded\">\n<figure class=\"aligncenter size-full is-resized\"><img loading=\"lazy\" decoding=\"async\" src=\"https:\/\/ltds.berthonneau.com\/wp-content\/uploads\/2023\/07\/Fiona-256-edited.png\" alt=\"\" class=\"wp-image-50\" width=\"256\" height=\"256\" srcset=\"https:\/\/ltds.berthonneau.com\/wp-content\/uploads\/2023\/07\/Fiona-256-edited.png 256w, https:\/\/ltds.berthonneau.com\/wp-content\/uploads\/2023\/07\/Fiona-256-edited-150x150.png 150w\" sizes=\"auto, (max-width: 256px) 100vw, 256px\" \/><\/figure>\n<\/div>\n\n\n<blockquote class=\"wp-block-quote has-text-align-center is-style-large is-layout-flow wp-block-quote-is-layout-flow\">\n<p>\u00ab&nbsp;Ensemble nous pouvons changer les choses&nbsp;\u00bb<\/p>\n<cite>\u2014 Fiona, <em>Pr\u00e9sidente<\/em><\/cite><\/blockquote>\n\n\n\n<hr class=\"wp-block-separator has-css-opacity is-style-default\"\/>\n<\/div>\n\n\n\n<div class=\"wp-block-column is-layout-flow wp-block-column-is-layout-flow\" style=\"flex-basis:25%\">\n<hr class=\"wp-block-separator has-css-opacity is-style-default\"\/>\n\n\n<div class=\"wp-block-image is-style-rounded\">\n<figure class=\"aligncenter size-full is-resized\"><img loading=\"lazy\" decoding=\"async\" src=\"http:\/\/ltds.berthonneau.com\/wp-content\/uploads\/2023\/07\/Rachel-256.png\" alt=\"\" class=\"wp-image-48\" width=\"256\" height=\"257\" srcset=\"https:\/\/ltds.berthonneau.com\/wp-content\/uploads\/2023\/07\/Rachel-256.png 256w, https:\/\/ltds.berthonneau.com\/wp-content\/uploads\/2023\/07\/Rachel-256-150x150.png 150w\" sizes=\"auto, (max-width: 256px) 100vw, 256px\" \/><\/figure>\n<\/div>\n\n\n<blockquote class=\"wp-block-quote has-text-align-center is-style-large is-layout-flow wp-block-quote-is-layout-flow\">\n<p>\u00ab&nbsp;Une nouvelle aventure dont je suis si fi\u00e8re !&nbsp;\u00bb<\/p>\n<cite>\u2014 Rachel, <em>Vice-Pr\u00e9sidente<\/em><\/cite><\/blockquote>\n\n\n\n<hr class=\"wp-block-separator has-css-opacity is-style-default\"\/>\n<\/div>\n\n\n\n<div class=\"wp-block-column is-layout-flow wp-block-column-is-layout-flow\" style=\"flex-basis:25%\">\n<hr class=\"wp-block-separator has-css-opacity is-style-default\"\/>\n\n\n<div class=\"wp-block-image is-style-rounded\">\n<figure class=\"aligncenter size-full\"><img loading=\"lazy\" decoding=\"async\" width=\"256\" height=\"256\" src=\"http:\/\/ltds.berthonneau.com\/wp-content\/uploads\/2023\/07\/Raphaelle-256.png\" alt=\"\" class=\"wp-image-49\" srcset=\"https:\/\/ltds.berthonneau.com\/wp-content\/uploads\/2023\/07\/Raphaelle-256.png 256w, https:\/\/ltds.berthonneau.com\/wp-content\/uploads\/2023\/07\/Raphaelle-256-150x150.png 150w\" sizes=\"auto, (max-width: 256px) 100vw, 256px\" \/><\/figure>\n<\/div>\n\n\n<blockquote class=\"wp-block-quote has-text-align-center is-style-large is-layout-flow wp-block-quote-is-layout-flow\">\n<p>\u00ab&nbsp;Soyez acteur de l&#8217;association, agissons pour sauver les truffes&nbsp;\u00bb<\/p>\n<cite>\u2014 Rapha\u00eblle, <em>Secr\u00e9taire<\/em><\/cite><\/blockquote>\n\n\n\n<hr class=\"wp-block-separator has-css-opacity is-style-default\"\/>\n<\/div>\n\n\n\n<div class=\"wp-block-column is-layout-flow wp-block-column-is-layout-flow\" style=\"flex-basis:25%\">\n<hr class=\"wp-block-separator has-css-opacity is-style-default\"\/>\n\n\n<div class=\"wp-block-image is-style-rounded\">\n<figure class=\"aligncenter size-large is-resized\"><img loading=\"lazy\" decoding=\"async\" src=\"https:\/\/ltds.berthonneau.com\/wp-content\/uploads\/2023\/07\/David-edited.png\" alt=\"\" class=\"wp-image-51\" width=\"256\" height=\"256\" srcset=\"https:\/\/ltds.berthonneau.com\/wp-content\/uploads\/2023\/07\/David-edited.png 811w, https:\/\/ltds.berthonneau.com\/wp-content\/uploads\/2023\/07\/David-edited-300x300.png 300w, https:\/\/ltds.berthonneau.com\/wp-content\/uploads\/2023\/07\/David-edited-150x150.png 150w, https:\/\/ltds.berthonneau.com\/wp-content\/uploads\/2023\/07\/David-edited-768x768.png 768w\" sizes=\"auto, (max-width: 256px) 100vw, 256px\" \/><\/figure>\n<\/div>\n\n\n<blockquote class=\"wp-block-quote has-text-align-center is-style-large is-layout-flow wp-block-quote-is-layout-flow\">\n<p>\u00ab&nbsp;Recueillir, soigner, sauver et aimer, notre but principal&nbsp;\u00bb<\/p>\n<cite>\u2014 David, <em>Tr\u00e9sorier<\/em><\/cite><\/blockquote>\n\n\n\n<hr class=\"wp-block-separator has-css-opacity is-style-default\"\/>\n<\/div>\n<\/div>\n\n\n\n<hr class=\"wp-block-separator has-alpha-channel-opacity\"\/>\n\n\n\n<div style=\"height:100px\" aria-hidden=\"true\" class=\"wp-block-spacer\"><\/div>\n\n\n\n<h2 class=\"wp-block-heading\">Les fondateurs de l&#8217;association<\/h2>\n\n\n\n<div class=\"wp-block-columns alignfull is-layout-flex wp-container-core-columns-is-layout-9d6595d7 wp-block-columns-is-layout-flex\">\n<div class=\"wp-block-column is-layout-flow wp-block-column-is-layout-flow\" style=\"flex-basis:25%\">\n<hr class=\"wp-block-separator has-css-opacity is-style-default\"\/>\n\n\n<div class=\"wp-block-image is-style-rounded\">\n<figure class=\"aligncenter size-full is-resized\"><img loading=\"lazy\" decoding=\"async\" src=\"https:\/\/ltds.berthonneau.com\/wp-content\/uploads\/2023\/07\/Fiona-256-edited.png\" alt=\"\" class=\"wp-image-50\" width=\"256\" height=\"256\" srcset=\"https:\/\/ltds.berthonneau.com\/wp-content\/uploads\/2023\/07\/Fiona-256-edited.png 256w, https:\/\/ltds.berthonneau.com\/wp-content\/uploads\/2023\/07\/Fiona-256-edited-150x150.png 150w\" sizes=\"auto, (max-width: 256px) 100vw, 256px\" \/><\/figure>\n<\/div>\n\n\n<blockquote class=\"wp-block-quote has-text-align-center is-style-large is-layout-flow wp-block-quote-is-layout-flow\">\n<p>\u00ab&nbsp;Ensemble nous pouvons changer les choses&nbsp;\u00bb<\/p>\n<cite>\u2014 Fiona, <em>Pr\u00e9sidente<\/em><\/cite><\/blockquote>\n\n\n\n<hr class=\"wp-block-separator has-css-opacity is-style-default\"\/>\n<\/div>\n\n\n\n<div class=\"wp-block-column is-layout-flow wp-block-column-is-layout-flow\" style=\"flex-basis:25%\">\n<hr class=\"wp-block-separator has-css-opacity is-style-default\"\/>\n\n\n<div class=\"wp-block-image is-style-rounded\">\n<figure class=\"aligncenter size-full is-resized\"><img loading=\"lazy\" decoding=\"async\" src=\"http:\/\/ltds.berthonneau.com\/wp-content\/uploads\/2023\/07\/Rachel-256.png\" alt=\"\" class=\"wp-image-48\" width=\"256\" height=\"257\" srcset=\"https:\/\/ltds.berthonneau.com\/wp-content\/uploads\/2023\/07\/Rachel-256.png 256w, https:\/\/ltds.berthonneau.com\/wp-content\/uploads\/2023\/07\/Rachel-256-150x150.png 150w\" sizes=\"auto, (max-width: 256px) 100vw, 256px\" \/><\/figure>\n<\/div>\n\n\n<blockquote class=\"wp-block-quote has-text-align-center is-style-large is-layout-flow wp-block-quote-is-layout-flow\">\n<p>\u00ab&nbsp;Une nouvelle aventure dont je suis si fi\u00e8re !&nbsp;\u00bb<\/p>\n<cite>\u2014 Rachel, <em>Vice-Pr\u00e9sidente<\/em><\/cite><\/blockquote>\n\n\n\n<hr class=\"wp-block-separator has-css-opacity is-style-default\"\/>\n<\/div>\n\n\n\n<div class=\"wp-block-column is-layout-flow wp-block-column-is-layout-flow\" style=\"flex-basis:25%\">\n<hr class=\"wp-block-separator has-css-opacity is-style-default\"\/>\n\n\n<div class=\"wp-block-image is-style-rounded\">\n<figure class=\"aligncenter size-full\"><img loading=\"lazy\" decoding=\"async\" width=\"256\" height=\"256\" src=\"http:\/\/ltds.berthonneau.com\/wp-content\/uploads\/2023\/07\/Raphaelle-256.png\" alt=\"\" class=\"wp-image-49\" srcset=\"https:\/\/ltds.berthonneau.com\/wp-content\/uploads\/2023\/07\/Raphaelle-256.png 256w, https:\/\/ltds.berthonneau.com\/wp-content\/uploads\/2023\/07\/Raphaelle-256-150x150.png 150w\" sizes=\"auto, (max-width: 256px) 100vw, 256px\" \/><\/figure>\n<\/div>\n\n\n<blockquote class=\"wp-block-quote has-text-align-center is-style-large is-layout-flow wp-block-quote-is-layout-flow\">\n<p>\u00ab&nbsp;Soyez acteur de l&#8217;association, agissons pour sauver les truffes&nbsp;\u00bb<\/p>\n<cite>\u2014 Rapha\u00eblle, <em>Secr\u00e9taire<\/em><\/cite><\/blockquote>\n\n\n\n<hr class=\"wp-block-separator has-css-opacity is-style-default\"\/>\n<\/div>\n\n\n\n<div class=\"wp-block-column is-layout-flow wp-block-column-is-layout-flow\" style=\"flex-basis:25%\">\n<hr class=\"wp-block-separator has-css-opacity is-style-default\"\/>\n\n\n<div class=\"wp-block-image is-style-rounded\">\n<figure class=\"aligncenter size-large is-resized\"><img loading=\"lazy\" decoding=\"async\" src=\"https:\/\/ltds.berthonneau.com\/wp-content\/uploads\/2023\/07\/David-edited.png\" alt=\"\" class=\"wp-image-51\" width=\"256\" height=\"256\" srcset=\"https:\/\/ltds.berthonneau.com\/wp-content\/uploads\/2023\/07\/David-edited.png 811w, https:\/\/ltds.berthonneau.com\/wp-content\/uploads\/2023\/07\/David-edited-300x300.png 300w, https:\/\/ltds.berthonneau.com\/wp-content\/uploads\/2023\/07\/David-edited-150x150.png 150w, https:\/\/ltds.berthonneau.com\/wp-content\/uploads\/2023\/07\/David-edited-768x768.png 768w\" sizes=\"auto, (max-width: 256px) 100vw, 256px\" \/><\/figure>\n<\/div>\n\n\n<blockquote class=\"wp-block-quote has-text-align-center is-style-large is-layout-flow wp-block-quote-is-layout-flow\">\n<p>\u00ab&nbsp;Recueillir, soigner, sauver et aimer, notre but principal&nbsp;\u00bb<\/p>\n<cite>\u2014 David, <em>Tr\u00e9sorier<\/em><\/cite><\/blockquote>\n\n\n\n<hr class=\"wp-block-separator has-css-opacity is-style-default\"\/>\n<\/div>\n<\/div>\n\n\n\n<hr class=\"wp-block-separator has-alpha-channel-opacity\"\/>\n\n\n\n<div class=\"wp-block-columns alignwide are-vertically-aligned-top is-layout-flex wp-container-core-columns-is-layout-9d6595d7 wp-block-columns-is-layout-flex\">\n<div class=\"wp-block-column is-vertically-aligned-top is-layout-flow wp-block-column-is-layout-flow\">\n<h3 class=\"wp-block-heading\">Ajouter des compositions de blocs<\/h3>\n\n\n\n<p>Les compositions de blocs sont des groupes de blocs pr\u00e9-con\u00e7us. Pour en ajouter un, s\u00e9lectionnez le bouton Ajouter un bloc [+] dans la barre d\u2019outils en haut de l\u2019\u00e9diteur. Passez \u00e0 l\u2019onglet Compositions sous la barre de recherche, et choisissez une composition.<\/p>\n<\/div>\n\n\n\n<div class=\"wp-block-column is-vertically-aligned-top is-layout-flow wp-block-column-is-layout-flow\">\n<h3 class=\"wp-block-heading\">Encadrez vos images<\/h3>\n\n\n\n<p>Twenty Twenty-One inclut de sublimes bordures pour votre contenu. Avec un bloc d\u2019image s\u00e9lectionn\u00e9, ouvrez le panneau \u00ab&nbsp;Styles&nbsp;\u00bb dans la barre lat\u00e9rale de l\u2019\u00e9diteur. S\u00e9lectionnez le style de bloc \u00ab&nbsp;Cadre&nbsp;\u00bb pour l\u2019activer.<\/p>\n<\/div>\n\n\n\n<div class=\"wp-block-column is-vertically-aligned-top is-layout-flow wp-block-column-is-layout-flow\">\n<h3 class=\"wp-block-heading\">Colonnes se chevauchant<\/h3>\n\n\n\n<p>Twenty Twenty-One inclut \u00e9galement un style \u00ab&nbsp;chevauchement&nbsp;\u00bb pour le bloc colonnes. S\u00e9lectionnez un bloc colonnes puis ouvrez le panneau \u00ab&nbsp;styles&nbsp;\u00bb dans la barre lat\u00e9rale de l\u2019\u00e9diteur. S\u00e9lectionnez le style de bloc \u00ab&nbsp;chevauchement&nbsp;\u00bb pour l\u2019essayer.<\/p>\n<\/div>\n<\/div>\n","protected":false},"excerpt":{"rendered":"<p>sauvetages et adoptions de chiens cr\u00e9oles Concern\u00e9s par la protection animale depuis longtemps, nous nous sommes r\u00e9unis dans un but commun, celui de d\u00e9fendre les plus d\u00e9munis de Guadeloupe, les petits bergers cr\u00e9oles !\u200b Nous voici donc Fiona, Rachel, David et Rapha\u00eblle, \u00e9quipe de l&#8217;association Les Truffes du Soleil, sauvant aujourd\u2019hui le plus de rescap\u00e9s&hellip; <a class=\"more-link\" href=\"https:\/\/ltds.berthonneau.com\/\">Continue reading <span class=\"screen-reader-text\">Accueil<\/span><\/a><\/p>\n","protected":false},"author":1,"featured_media":0,"parent":0,"menu_order":0,"comment_status":"closed","ping_status":"closed","template":"","meta":{"footnotes":""},"class_list":["post-7","page","type-page","status-publish","hentry","entry"],"_links":{"self":[{"href":"https:\/\/ltds.berthonneau.com\/index.php\/wp-json\/wp\/v2\/pages\/7","targetHints":{"allow":["GET"]}}],"collection":[{"href":"https:\/\/ltds.berthonneau.com\/index.php\/wp-json\/wp\/v2\/pages"}],"about":[{"href":"https:\/\/ltds.berthonneau.com\/index.php\/wp-json\/wp\/v2\/types\/page"}],"author":[{"embeddable":true,"href":"https:\/\/ltds.berthonneau.com\/index.php\/wp-json\/wp\/v2\/users\/1"}],"replies":[{"embeddable":true,"href":"https:\/\/ltds.berthonneau.com\/index.php\/wp-json\/wp\/v2\/comments?post=7"}],"version-history":[{"count":12,"href":"https:\/\/ltds.berthonneau.com\/index.php\/wp-json\/wp\/v2\/pages\/7\/revisions"}],"predecessor-version":[{"id":86,"href":"https:\/\/ltds.berthonneau.com\/index.php\/wp-json\/wp\/v2\/pages\/7\/revisions\/86"}],"wp:attachment":[{"href":"https:\/\/ltds.berthonneau.com\/index.php\/wp-json\/wp\/v2\/media?parent=7"}],"curies":[{"name":"wp","href":"https:\/\/api.w.org\/{rel}","templated":true}]}}